{"id":328,"date":"2025-06-16T23:18:41","date_gmt":"2025-06-17T04:18:41","guid":{"rendered":"https:\/\/floristerialasnenas.com\/?post_type=product&#038;p=328"},"modified":"2025-06-17T00:22:18","modified_gmt":"2025-06-17T05:22:18","slug":"ancheta-especial-personalizada","status":"publish","type":"product","link":"https:\/\/floristerialasnenas.com\/index.php\/producto\/ancheta-especial-personalizada\/","title":{"rendered":"Ancheta especial personalizada"},"content":{"rendered":"<p>Demuestra cu\u00e1nto amas con esta tierna y colorida ancheta, perfecta para fechas especiales como aniversarios, San Valent\u00edn o simplemente para alegrar el d\u00eda a alguien muy especial. <\/p>\n<p>Incluye:<\/p>\n<p>-Caja de chocolate peque\u00f1a<br \/>\n-Gomita grande<br \/>\n-Globo met\u00e1lico grande<br \/>\n-Mix de dulces<br \/>\n-Papel decorativo<br \/>\n-Tarjeta personalizada<\/p>\n","protected":false},"excerpt":{"rendered":"<p>Caja tem\u00e1tica \u201cTe amo\u201d con globo coraz\u00f3n y deliciosos snacks para enamorar con dulzura.<\/p>\n","protected":false},"featured_media":313,"comment_status":"open","ping_status":"closed","template":"","meta":{"inline_featured_image":false},"product_brand":[],"product_cat":[20],"product_tag":[],"class_list":{"0":"post-328","1":"product","2":"type-product","3":"status-publish","4":"has-post-thumbnail","6":"product_cat-anchetas","8":"first","9":"instock","10":"sale","11":"taxable","12":"shipping-taxable","13":"purchasable","14":"product-type-simple"},"jetpack_sharing_enabled":true,"_links":{"self":[{"href":"https:\/\/floristerialasnenas.com\/index.php\/wp-json\/wp\/v2\/product\/328","targetHints":{"allow":["GET"]}}],"collection":[{"href":"https:\/\/floristerialasnenas.com\/index.php\/wp-json\/wp\/v2\/product"}],"about":[{"href":"https:\/\/floristerialasnenas.com\/index.php\/wp-json\/wp\/v2\/types\/product"}],"replies":[{"embeddable":true,"href":"https:\/\/floristerialasnenas.com\/index.php\/wp-json\/wp\/v2\/comments?post=328"}],"wp:featuredmedia":[{"embeddable":true,"href":"https:\/\/floristerialasnenas.com\/index.php\/wp-json\/wp\/v2\/media\/313"}],"wp:attachment":[{"href":"https:\/\/floristerialasnenas.com\/index.php\/wp-json\/wp\/v2\/media?parent=328"}],"wp:term":[{"taxonomy":"product_brand","embeddable":true,"href":"https:\/\/floristerialasnenas.com\/index.php\/wp-json\/wp\/v2\/product_brand?post=328"},{"taxonomy":"product_cat","embeddable":true,"href":"https:\/\/floristerialasnenas.com\/index.php\/wp-json\/wp\/v2\/product_cat?post=328"},{"taxonomy":"product_tag","embeddable":true,"href":"https:\/\/floristerialasnenas.com\/index.php\/wp-json\/wp\/v2\/product_tag?post=328"}],"curies":[{"name":"wp","href":"https:\/\/api.w.org\/{rel}","templated":true}]}}